{"id":3410,"date":"2021-10-01T16:00:23","date_gmt":"2021-10-01T14:00:23","guid":{"rendered":"http:\/\/batterycellcoating.eu\/%e6%9d%a1%e6%ac%be%e5%92%8c%e6%9d%a1%e4%bb%b6-gtc\/"},"modified":"2021-10-01T16:02:42","modified_gmt":"2021-10-01T14:02:42","slug":"%e6%9d%a1%e6%ac%be%e5%92%8c%e6%9d%a1%e4%bb%b6-gtc","status":"publish","type":"page","link":"https:\/\/www.lankwitzer.com\/cn\/%e6%9d%a1%e6%ac%be%e5%92%8c%e6%9d%a1%e4%bb%b6-gtc\/","title":{"rendered":"\u6761\u6b3e\u548c\u6761\u4ef6 (GTC)"},"content":{"rendered":"<div class=\"fusion-fullwidth fullwidth-box fusion-builder-row-1 nonhundred-percent-fullwidth non-hundred-percent-height-scrolling\" style=\"--awb-border-radius-top-left:0px;--awb-border-radius-top-right:0px;--awb-border-radius-bottom-right:0px;--awb-border-radius-bottom-left:0px;--awb-flex-wrap:wrap;\" ><div class=\"fusion-builder-row fusion-row\"><div class=\"fusion-layout-column fusion_builder_column fusion-builder-column-0 fusion_builder_column_1_1 1_1 fusion-one-full fusion-column-first fusion-column-last\" style=\"--awb-bg-size:cover;\"><div class=\"fusion-column-wrapper fusion-column-has-shadow fusion-flex-column-wrapper-legacy\"><div class=\"fusion-title title fusion-title-1 fusion-sep-none fusion-title-text fusion-title-size-one\" style=\"--awb-text-color:#282828;--awb-font-size:28px;\"><h1 class=\"fusion-title-heading title-heading-left\" style=\"margin:0;font-size:1em;\">\u6761\u6b3e\u548c\u6761\u4ef6 (GTC)<\/h1><\/div><div class=\"fusion-text fusion-text-1\"><p>AGB &#8211; Stand 30.07.2018 &#8211;<\/p>\n<h4>1. Bestellung<\/h4>\n<p>Unsere Angebote sind freibleibend. Bestellungen sowie m\u00fcndliche Vereinbarungen sind f\u00fcr uns nur verbindlich, wenn und soweit wir sie schriftlich oder formularm\u00e4\u00dfig best\u00e4tigen oder ihnen durch \u00dcbersendung der Ware und der Rechnung entsprechen.<\/p>\n<p>Abweichungen von unseren Verkaufsbedingungen, insbesondere Bedingungen des K\u00e4ufers gelten nur, wenn sie von uns schriftlich best\u00e4tigt werden.<\/p>\n<h4>2. Berechnung der Preise<\/h4>\n<p>F\u00fcr die Berechnung sind das Abgangsgewicht und die am Versandtag g\u00fcltigen Preise ma\u00dfgebend. Haben sich diese gegen\u00fcber dem Zeitpunkt des Vertragsabschlusses erh\u00f6ht, ist der K\u00e4ufer berechtigt, innerhalb von 14 Tagen nach Mitteilung der Preiserh\u00f6hung von der Bestellung zur\u00fcckzutreten; das R\u00fccktrittsrecht besteht nicht bei Preiserh\u00f6hungen, die auf einer Erh\u00f6hung der Frachttarife beruhen, sowie bei Erh\u00f6hungen der Umsatzsteuer.<\/p>\n<h4>3. Zahlung<\/h4>\n<p>Der Rechnungsbetrag ist sofort nach Zugang der Rechnung f\u00e4llig und ohne Abzug zu zahlen.<\/p>\n<p>Bei Zahlungsverzug sind Verzugszinsen in H\u00f6he von <u>9<\/u> % \u00fcber dem jeweiligen Basiszinssatz zu zahlen.<\/p>\n<p>Sofern wir Wechsel entgegennehmen, gehen Diskont- und Bankspesen zu Lasten des K\u00e4ufers. Wir \u00fcbernehmen keine Gew\u00e4hr f\u00fcr rechtzeitige Vorlegung und Protesterhebung.<\/p>\n<p>Gegen\u00fcber unseren Forderungen kann der K\u00e4ufer nur aufrechnen oder ein Zur\u00fcckbehaltungsrecht geltend machen, wenn die Gegenforderung unbestritten oder rechtskr\u00e4ftig festgestellt ist.<\/p>\n<p>Alle Angebots- und Verkaufspreise sind, soweit im Einzelfalle nicht ausdr\u00fccklich etwas anderes bestimmt wird, Netto-Preise, zu denen zuz\u00fcglich noch die nach dem Gesetz darauf zu entrichtende Mehrwertsteuer als auch das Frachtengelt gesondert in Rechnung gestellt wird. Bei Exportlieferungen kommen ggfs. Zoll sowie andere Geb\u00fchren und andere \u00f6ffentliche Abgaben hinzu.<\/p>\n<p>Die Nichtbezahlung f\u00e4lliger Rechnungen trotz angemessener Fristsetzung oder andere Umst\u00e4nde, die auf eine wesentliche Verschlechterung der Verm\u00f6gensverh\u00e4ltnisse des K\u00e4ufers nach Vertragsabschluss schlie\u00dfen lassen, berechtigen uns zur sofortigen F\u00e4lligstellung aller unserer Forderungen, die aus den auf der Grundlage dieser Allgemeinen Gesch\u00e4ftsbedingungen eingegangenen Rechtsbeziehungen resultieren.<\/p>\n<h4>4. Lieferung und Abnahme<\/h4>\n<p>Unsere Lieferpflicht ruht, solange der K\u00e4ufer mit einer f\u00e4lligen Zahlung in Verzug ist. Ist die Ware innerhalb eines bestimmten Zeitraums nach und nach abzunehmen, so ist die Abnahme gleichm\u00e4\u00dfig \u00fcber den Gesamtzeitraum zu verteilen.<\/p>\n<p>Bei \u00dcberschreitung der Lieferfrist hat der K\u00e4ufer zun\u00e4chst schriftlich eine angemessene Nachfrist zu setzen, es sei denn eine solche Nachfristsetzung ist wegen endg\u00fcltiger und ernsthafter Leistungsverweigerung oder wegen des Vorliegens besonderer Umst\u00e4nde entsprechend \u00a7 281 Abs. 2 BGB entbehrlich.<\/p>\n<p>Soweit dem K\u00e4ufer Schadenersatzanspr\u00fcche wegen Verzugs oder Nichterf\u00fcllung zustehen sollten, sind diese der H\u00f6he nach beschr\u00e4nkt auf den typischerweise bei Gesch\u00e4ften der vorliegenden Art entstehenden Schaden.<\/p>\n<p>Unvorhergesehene Betriebsst\u00f6rungen, Lieferfrist\u00fcberschreitungen oder Lieferausf\u00e4lle von unseren Lieferanten, Arbeitskr\u00e4fte-, Energie- oder Rohstoffmangel, Streiks, Aussperrungen, Schwierigkeiten bei der Transportmittelbeschaffung, Verkehrsst\u00f6rungen, beh\u00f6rdliche Verf\u00fcgungen und F\u00e4lle h\u00f6herer Gewalt befreien f\u00fcr die Dauer der St\u00f6rung und im Umfang ihrer Wirkung die davon betroffene Partei von der Verpflichtung zur Lieferung bzw. Abnahme. Wird hierdurch die Lieferung bzw. Abnahme um mehr als 1 Monat verz\u00f6gert, so ist jede der Parteien unter Ausschluss aller weiteren Anspr\u00fcche berechtigt, hinsichtlich der von der Liefer- bzw. Abnahmest\u00f6rung betroffenen Menge vom Vertrag zur\u00fcckzutreten. Dies gilt f\u00fcr den Verk\u00e4ufer jedoch nur, wenn er den K\u00e4ufer zuvor unverz\u00fcglich \u00fcber die Nichtverf\u00fcgbarkeit der Leistung informiert hat und dem K\u00e4ufer etwa bereits erbrachte Gegenleistungen unverz\u00fcglich erstattet.<\/p>\n<h4>5. Verpackung<\/h4>\n<p>Nur die in der Rechnung ausdr\u00fccklich als Leihverpackung kenntlich gemachten Emballagen werden zur\u00fcckgenommen. Entlastung auf dem Emballagenkonto erfolgt, wenn die Emballage innerhalb eines Zeitraums von 90 Tagen nach Rechnungsdatum in geschlossenem, nicht verunreinigtem und unbesch\u00e4digtem Zustand fracht- und geb\u00fchrenfrei bei uns wieder eingegangen ist. Nach \u00dcberschreitung dieser Frist wird die Leihemballage dem K\u00e4ufer zum Wiederbeschaffungspreis in Rechnung gestellt, zahlbar sofort ohne Skontoabzug. Bei sp\u00e4terer R\u00fccksendung der Emballagen erfolgt eine R\u00fcckverg\u00fctung der Emballagenrechnung abz\u00fcglich einer Abnutzungsgeb\u00fchr gem\u00e4\u00df dem Zustand des zur\u00fcckgegangenen Gebindes.<\/p>\n<h4>6. Versand\/Gefahr\u00fcbergang<\/h4>\n<p>Die Versandart, die Verpackung und der Versandweg unterstehen dem pflichtgem\u00e4\u00dfen Ermessen des Verk\u00e4ufers. Wir werden uns dabei bem\u00fchen, W\u00fcnsche des K\u00e4ufers zu ber\u00fccksichtigen; dadurch bedingte Mehrkosten gehen zu Lasten des K\u00e4ufers.<\/p>\n<p>Die Gefahr geht sp\u00e4testens mit der \u00dcbergabe des Liefergegenstands (wobei der Beginn des Verladevorgangs ma\u00dfgeblich ist) an den Spediteur, Frachtf\u00fchrer oder sonst zur Ausf\u00fchrung der Versendung bestimmten Dritten auf den Auftraggeber \u00fcber. Verz\u00f6gert sich der Versand oder die \u00dcbergabe infolge eines Umstandes, dessen Ursache beim Auftraggeber liegt, geht die Gefahr von dem Tag an auf den Auftraggeber \u00fcber, an dem der Liefergegenstand versandbereit ist und der Verk\u00e4ufer dies dem Auftraggeber angezeigt hat.<\/p>\n<p>Lagerkosten nach Gefahr\u00fcbergang tr\u00e4gt der Auftraggeber.<\/p>\n<h4>7. M\u00e4ngelr\u00fcgen<\/h4>\n<p>Der K\u00e4ufer hat unverz\u00fcglich zu pr\u00fcfen, ob die gelieferte Ware von der vertraglich vereinbarten Beschaffenheit abweicht und f\u00fcr den vorgesehenen Einsatzzweck geeignet ist. Wird diese Pr\u00fcfung unterlassen, nicht in dem gebotenen Umfang durchgef\u00fchrt oder werden erkennbare M\u00e4ngel nicht unverz\u00fcglich, sp\u00e4testens jedoch innerhalb von 14 Tagen nach Erhalt der Ware, uns angezeigt, so gilt die Ware hinsichtlich solcher M\u00e4ngel als genehmigt. Nicht erkennbare M\u00e4ngel sind unverz\u00fcglich nach ihrer Entdeckung, sp\u00e4testens jedoch 1 Jahr nach Auslieferung der Ware am Versandort, anzuzeigen. Danach endet die Frist, innerhalb derer ein Anspruch auf M\u00e4ngelbeseitigung besteht. Beanstandungen sind schriftlich unter Angabe der Bestelldaten und der Rechnungs- und Versandnummer zu erheben. Beanstandete Ware darf nur mit unserem ausdr\u00fccklichen Einverst\u00e4ndnis zur\u00fcckgesandt werden.<\/p>\n<p>Nach ordnungsgem\u00e4\u00df erhobener und begr\u00fcndeter M\u00e4ngelr\u00fcge ist der K\u00e4ufer berechtigt, Nacherf\u00fcllung zu verlangen. Uns steht das Recht zu, zu entscheiden, ob wir den Mangel beseitigen oder eine mangelfreie Sache liefern. Sonstige Rechte stehen dem K\u00e4ufer nur zu, wenn wir die Nacherf\u00fcllung verweigern oder diese fehlgeschlagen oder f\u00fcr den K\u00e4ufer unzumutbar ist. Soweit dem K\u00e4ufer Schadenersatzanspr\u00fcche wegen der Lieferung mangelhafter Ware zustehen sollten, sind diese der H\u00f6he nach beschr\u00e4nkt auf den typischerweise bei Gesch\u00e4ften der vorliegenden Art entstehenden Schaden.<\/p>\n<p>M\u00e4ngelr\u00fcgen entbinden nicht von der Verpflichtung zur Einhaltung der vereinbarten Zahlungsbedingungen.<\/p>\n<h4>8. Haftung<\/h4>\n<p>Wir haften f\u00fcr entstehende Sch\u00e4den lediglich, soweit diese auf einer Verletzung einer wesentlichen Vertragspflicht oder auf einem vors\u00e4tzlichen oder grob fahrl\u00e4ssigen Verhalten von uns, unserer gesetzlicher Vertreter oder Erf\u00fcllungsgehilfen beruhen. Wird eine wesentliche Vertragspflicht leicht fahrl\u00e4ssig verletzt, so ist unserer Haftung auf den vorhersehbaren vertragstypischen Schaden begrenzt. Eine wesentliche Vertragspflicht ist bei Verpflichtungen gegeben, deren Erf\u00fcllung die ordnungsgem\u00e4\u00dfe Durchf\u00fchrung des Vertrages erst m\u00f6glich macht oder auf deren Einhaltung der Kunde vertraut und vertrauen durfte.<\/p>\n<p>Eine dar\u00fcber hinausgehende Haftung auf Schadenersatz ist ausgeschlossen. Die Haftung wegen schuldhafter Verletzung von Leben, K\u00f6rper oder Gesundheit nach den gesetzlichen Bestimmungen bleibt unber\u00fchrt. Dies gilt auch f\u00fcr die zwingende Haftung nach dem Produkthaftungsgesetz.<\/p>\n<h4>9. Mitwirkungspflichten des K\u00e4ufers<\/h4>\n<p>Wir stehen nur insoweit f\u00fcr eine bestimmte Verwendungseignung eines Produktes ein, als uns der K\u00e4ufer alle erforderlichen Informationen im Hinblick auf den vorgesehenen Verwendungszweck zur Verf\u00fcgung gestellt hat.<\/p>\n<p>Eine vor dem Kauf erfolgte Produkt-Beratung durch unsere Mitarbeiter befreit den K\u00e4ufer nicht davon, unsere Produkte auf ihre Eignung f\u00fcr den vorgesehenen Verwendungszweck zu pr\u00fcfen und unsere Verarbeitungsvorschriften zu beachten.<\/p>\n<h4>10. R\u00fccktritt<\/h4>\n<p>Wir sind berechtigt, vom Vertrag zur\u00fcckzutreten, wenn der K\u00e4ufer sich trotz angemessener Fristsetzung unsererseits in Zahlungsverzug befindet oder begr\u00fcndete Zweifeln an der Zahlungsf\u00e4higkeit oder Kreditw\u00fcrdigkeit des K\u00e4ufers, die Anlass zu der Bef\u00fcrchtung geben, dass die Durchsetzung unseres Zahlungsanspruchs durch seine mangelnde Leistungsf\u00e4higkeit gef\u00e4hrdet ist, bestehen.<\/p>\n<h4>11. Eigentumsvorbehalt<\/h4>\n<p>Das Eigentum an den gelieferten Waren bleibt zur Sicherung aller Anspr\u00fcche vorbehalten, die uns aus der gegenw\u00e4rtigen und k\u00fcnftigen Gesch\u00e4ftsverbindung bis zum Ausgleich aller Salden gegen den K\u00e4ufer zustehen.<\/p>\n<p>Unser Eigentum erstreckt sich auf die durch Verarbeitung der Vorbehaltsware entstehende neue Sache. Der K\u00e4ufer stellt die neue Sache unter Ausschluss des eigenen Eigentumserwerbs f\u00fcr uns her und verwahrt sie f\u00fcr uns. Hieraus erwachsen ihm keine Anspr\u00fcche gegen uns.<\/p>\n<p>Bei einer Verarbeitung unserer Vorbehaltsware mit Waren anderer Lieferanten, deren Eigentumsrechte sich ebenfalls an der neuen Sache fortsetzen, erwerben wir zusammen mit diesen anderen Lieferanten &#8211; unter Ausschluss eines Miteigentumserwerbs des K\u00e4ufers &#8211; Miteigentum an der neuen Sache zu deren vollem Wert (einschlie\u00dflich Wertsch\u00f6pfung) wie folgt:<\/p>\n<ol>\n<li>Unser Miteigentumsanteil entspricht dem Verh\u00e4ltnis des Rechnungswertes unserer Vorbehaltsware zu dem Gesamtrechnungswert aller mitverarbeiteten Vorbehaltsware.<\/li>\n<li>Verbleibt ein von Eigentumsvorbehalten zun\u00e4chst nicht erfasster Restanteil, weil andere Lieferanten den Eigentumsvorbehalt nicht auf die Wertsch\u00f6pfung durch den K\u00e4ufer erstreckt haben, so erh\u00f6ht sich unser Miteigentumsanteil um diesen Restanteil. Haben jedoch andere Lieferanten ihren Eigentumsvorbehalt ebenfalls auf diesen Restanteil ausgedehnt, so steht uns an ihm nur ein Anteil zu, der sich aus dem Verh\u00e4ltnis des Rechnungswertes unserer Vorbehaltsware zu den Rechnungswerten der mitverarbeiteten Waren dieser anderen Lieferanten bestimmt.<\/li>\n<\/ol>\n<p>Der K\u00e4ufer tritt bereits jetzt seine Forderungen aus der Ver\u00e4u\u00dferung von Vorbehaltsware aus unseren gegenw\u00e4rtigen und k\u00fcnftigen Warenlieferungen mit s\u00e4mtlichen Nebenrechten im Umfang unseres Eigentumsanteils zur Sicherung an uns ab, diese Abtretung nehmen wir an. Bei Verarbeitung im Rahmen eines Werkvertrages wird die Werklohnforderung in H\u00f6he des anteiligen Betrages unserer Rechnung f\u00fcr die mitverarbeitete Vorbehaltsware schon jetzt an uns abgetreten, diese Abtretung nehmen wir an.<\/p>\n<p>Solange der K\u00e4ufer seinen Verpflichtungen aus der Gesch\u00e4ftsverbindung mit uns ordnungsgem\u00e4\u00df nachkommt, darf er \u00fcber die in unserem Eigentum stehende Ware im ordentlichen Gesch\u00e4ftsgang verf\u00fcgen und die an uns abgetretenen Forderungen selbst einziehen. Wir sind berechtigt, diese Einziehungserm\u00e4chtigung zu widerrufen, wenn der K\u00e4ufer sich trotz angemessener Fristsetzung unsererseits in Zahlungsverzug befindet oder begr\u00fcndete Zweifeln an der Zahlungsf\u00e4higkeit oder Kreditw\u00fcrdigkeit des K\u00e4ufers, die Anlass zu der Bef\u00fcrchtung geben, dass die Durchsetzung unseres Zahlungsanspruchs durch seine mangelnde Leistungsf\u00e4higkeit gef\u00e4hrdet ist, bestehen.<\/p>\n<p>\u00dcbersteigt der Wert der uns einger\u00e4umten Sicherheiten unsere Forderungen um mehr als 20%, so werden wir auf Verlangen des K\u00e4ufers insoweit Sicherheiten nach unserer Wahl freigeben.<\/p>\n<h4>12. Erf\u00fcllungsort und Gerichtsstand<\/h4>\n<p>Erf\u00fcllungsort und Gerichtsstand f\u00fcr s\u00e4mtliche Rechte und Pflichten beider Vertragsteile aus Gesch\u00e4ften jeder Art ist, wenn keine andere Absprache getroffen wird, Berlin.<\/p>\n<p>\u00c4nderungen und Erg\u00e4nzungen des Vertrages oder der Allgemeinen Bedingungen bed\u00fcrfen der Schriftform. Dies gilt auch f\u00fcr die Aufhebung der Schriftform selbst.<\/p>\n<p>Soweit der Vertrag oder diese Allgemeinen Bedingungen Regelungsl\u00fccken enthalten, gelten zur Ausf\u00fcllung dieser L\u00fccken diejenigen rechtlich wirksamen Regelungen als vereinbart, welche die Vertragspartner nach den wirtschaftlichen Zielsetzungen des Vertrages und dem Zweck dieser Allgemeinen Bedingungen vereinbart h\u00e4tten, wenn sie die Regelungsl\u00fccke gekannt h\u00e4tten.<\/p>\n<p>Auf die Vertragsbeziehungen mit unseren Kunden ist ausschlie\u00dflich das Recht der Bundesrepublik Deutschland anwendbar. Die Anwendbarkeit des \u00dcbereinkommens der Vereinten Nationen vom 11. April 1980 \u00fcber Vertr\u00e4ge \u00fcber den internationalen Warenkauf (CISG &#8211; &#8220;Wiener Kaufrecht&#8221;) ist ausgeschlossen.<\/p>\n<h6>\u00a9 2018 LANKWITZER PREMIUM COATINGS<\/h6>\n<\/div><div class=\"fusion-clearfix\"><\/div><\/div><\/div><\/div><\/div>\n","protected":false},"excerpt":{"rendered":"","protected":false},"author":1,"featured_media":0,"parent":0,"menu_order":0,"comment_status":"closed","ping_status":"closed","template":"100-width.php","meta":{"_bbp_topic_count":0,"_bbp_reply_count":0,"_bbp_total_topic_count":0,"_bbp_total_reply_count":0,"_bbp_voice_count":0,"_bbp_anonymous_reply_count":0,"_bbp_topic_count_hidden":0,"_bbp_reply_count_hidden":0,"_bbp_forum_subforum_count":0,"footnotes":""},"class_list":["post-3410","page","type-page","status-publish","hentry"],"yoast_head":"<!-- This site is optimized with the Yoast SEO plugin v27.4 - https:\/\/yoast.com\/product\/yoast-seo-wordpress\/ -->\n<title>\u6761\u6b3e\u548c\u6761\u4ef6 (GTC) - Lankwitzer Lackfabrik<\/title>\n<meta name=\"robots\" content=\"index, follow, max-snippet:-1, max-image-preview:large, max-video-preview:-1\" \/>\n<link rel=\"canonical\" href=\"https:\/\/www.lankwitzer.com\/cn\/\u6761\u6b3e\u548c\u6761\u4ef6-gtc\/\" \/>\n<meta property=\"og:locale\" content=\"en_US\" \/>\n<meta property=\"og:type\" content=\"article\" \/>\n<meta property=\"og:title\" content=\"\u6761\u6b3e\u548c\u6761\u4ef6 (GTC) - Lankwitzer Lackfabrik\" \/>\n<meta property=\"og:url\" content=\"https:\/\/www.lankwitzer.com\/cn\/\u6761\u6b3e\u548c\u6761\u4ef6-gtc\/\" \/>\n<meta property=\"og:site_name\" content=\"Lankwitzer Lackfabrik\" \/>\n<meta property=\"article:modified_time\" content=\"2021-10-01T14:02:42+00:00\" \/>\n<meta name=\"twitter:card\" content=\"summary_large_image\" \/>\n<meta name=\"twitter:label1\" content=\"Est. reading time\" \/>\n\t<meta name=\"twitter:data1\" content=\"11 minutes\" \/>\n<script type=\"application\/ld+json\" class=\"yoast-schema-graph\">{\"@context\":\"https:\\\/\\\/schema.org\",\"@graph\":[{\"@type\":\"WebPage\",\"@id\":\"https:\\\/\\\/www.lankwitzer.com\\\/cn\\\/%e6%9d%a1%e6%ac%be%e5%92%8c%e6%9d%a1%e4%bb%b6-gtc\\\/\",\"url\":\"https:\\\/\\\/www.lankwitzer.com\\\/cn\\\/%e6%9d%a1%e6%ac%be%e5%92%8c%e6%9d%a1%e4%bb%b6-gtc\\\/\",\"name\":\"\u6761\u6b3e\u548c\u6761\u4ef6 (GTC) - Lankwitzer Lackfabrik\",\"isPartOf\":{\"@id\":\"https:\\\/\\\/www.lankwitzer.com\\\/en\\\/#website\"},\"datePublished\":\"2021-10-01T14:00:23+00:00\",\"dateModified\":\"2021-10-01T14:02:42+00:00\",\"breadcrumb\":{\"@id\":\"https:\\\/\\\/www.lankwitzer.com\\\/cn\\\/%e6%9d%a1%e6%ac%be%e5%92%8c%e6%9d%a1%e4%bb%b6-gtc\\\/#breadcrumb\"},\"inLanguage\":\"cn-CN\",\"potentialAction\":[{\"@type\":\"ReadAction\",\"target\":[\"https:\\\/\\\/www.lankwitzer.com\\\/cn\\\/%e6%9d%a1%e6%ac%be%e5%92%8c%e6%9d%a1%e4%bb%b6-gtc\\\/\"]}]},{\"@type\":\"BreadcrumbList\",\"@id\":\"https:\\\/\\\/www.lankwitzer.com\\\/cn\\\/%e6%9d%a1%e6%ac%be%e5%92%8c%e6%9d%a1%e4%bb%b6-gtc\\\/#breadcrumb\",\"itemListElement\":[{\"@type\":\"ListItem\",\"position\":1,\"name\":\"Startseite\",\"item\":\"https:\\\/\\\/www.lankwitzer.com\\\/cn\\\/\"},{\"@type\":\"ListItem\",\"position\":2,\"name\":\"\u6761\u6b3e\u548c\u6761\u4ef6 (GTC)\"}]},{\"@type\":\"WebSite\",\"@id\":\"https:\\\/\\\/www.lankwitzer.com\\\/en\\\/#website\",\"url\":\"https:\\\/\\\/www.lankwitzer.com\\\/en\\\/\",\"name\":\"Lankwitzer Lackfabrik\",\"description\":\"Ihr leistungsstarker Partner f\u00fcr Industrielacke\",\"potentialAction\":[{\"@type\":\"SearchAction\",\"target\":{\"@type\":\"EntryPoint\",\"urlTemplate\":\"https:\\\/\\\/www.lankwitzer.com\\\/en\\\/?s={search_term_string}\"},\"query-input\":{\"@type\":\"PropertyValueSpecification\",\"valueRequired\":true,\"valueName\":\"search_term_string\"}}],\"inLanguage\":\"cn-CN\"}]}<\/script>\n<!-- \/ Yoast SEO plugin. -->","yoast_head_json":{"title":"\u6761\u6b3e\u548c\u6761\u4ef6 (GTC) - Lankwitzer Lackfabrik","robots":{"index":"index","follow":"follow","max-snippet":"max-snippet:-1","max-image-preview":"max-image-preview:large","max-video-preview":"max-video-preview:-1"},"canonical":"https:\/\/www.lankwitzer.com\/cn\/\u6761\u6b3e\u548c\u6761\u4ef6-gtc\/","og_locale":"en_US","og_type":"article","og_title":"\u6761\u6b3e\u548c\u6761\u4ef6 (GTC) - Lankwitzer Lackfabrik","og_url":"https:\/\/www.lankwitzer.com\/cn\/\u6761\u6b3e\u548c\u6761\u4ef6-gtc\/","og_site_name":"Lankwitzer Lackfabrik","article_modified_time":"2021-10-01T14:02:42+00:00","twitter_card":"summary_large_image","twitter_misc":{"Est. reading time":"11 minutes"},"schema":{"@context":"https:\/\/schema.org","@graph":[{"@type":"WebPage","@id":"https:\/\/www.lankwitzer.com\/cn\/%e6%9d%a1%e6%ac%be%e5%92%8c%e6%9d%a1%e4%bb%b6-gtc\/","url":"https:\/\/www.lankwitzer.com\/cn\/%e6%9d%a1%e6%ac%be%e5%92%8c%e6%9d%a1%e4%bb%b6-gtc\/","name":"\u6761\u6b3e\u548c\u6761\u4ef6 (GTC) - Lankwitzer Lackfabrik","isPartOf":{"@id":"https:\/\/www.lankwitzer.com\/en\/#website"},"datePublished":"2021-10-01T14:00:23+00:00","dateModified":"2021-10-01T14:02:42+00:00","breadcrumb":{"@id":"https:\/\/www.lankwitzer.com\/cn\/%e6%9d%a1%e6%ac%be%e5%92%8c%e6%9d%a1%e4%bb%b6-gtc\/#breadcrumb"},"inLanguage":"cn-CN","potentialAction":[{"@type":"ReadAction","target":["https:\/\/www.lankwitzer.com\/cn\/%e6%9d%a1%e6%ac%be%e5%92%8c%e6%9d%a1%e4%bb%b6-gtc\/"]}]},{"@type":"BreadcrumbList","@id":"https:\/\/www.lankwitzer.com\/cn\/%e6%9d%a1%e6%ac%be%e5%92%8c%e6%9d%a1%e4%bb%b6-gtc\/#breadcrumb","itemListElement":[{"@type":"ListItem","position":1,"name":"Startseite","item":"https:\/\/www.lankwitzer.com\/cn\/"},{"@type":"ListItem","position":2,"name":"\u6761\u6b3e\u548c\u6761\u4ef6 (GTC)"}]},{"@type":"WebSite","@id":"https:\/\/www.lankwitzer.com\/en\/#website","url":"https:\/\/www.lankwitzer.com\/en\/","name":"Lankwitzer Lackfabrik","description":"Ihr leistungsstarker Partner f\u00fcr Industrielacke","potentialAction":[{"@type":"SearchAction","target":{"@type":"EntryPoint","urlTemplate":"https:\/\/www.lankwitzer.com\/en\/?s={search_term_string}"},"query-input":{"@type":"PropertyValueSpecification","valueRequired":true,"valueName":"search_term_string"}}],"inLanguage":"cn-CN"}]}},"_links":{"self":[{"href":"https:\/\/www.lankwitzer.com\/cn\/wp-json\/wp\/v2\/pages\/3410","targetHints":{"allow":["GET"]}}],"collection":[{"href":"https:\/\/www.lankwitzer.com\/cn\/wp-json\/wp\/v2\/pages"}],"about":[{"href":"https:\/\/www.lankwitzer.com\/cn\/wp-json\/wp\/v2\/types\/page"}],"author":[{"embeddable":true,"href":"https:\/\/www.lankwitzer.com\/cn\/wp-json\/wp\/v2\/users\/1"}],"replies":[{"embeddable":true,"href":"https:\/\/www.lankwitzer.com\/cn\/wp-json\/wp\/v2\/comments?post=3410"}],"version-history":[{"count":8,"href":"https:\/\/www.lankwitzer.com\/cn\/wp-json\/wp\/v2\/pages\/3410\/revisions"}],"predecessor-version":[{"id":3419,"href":"https:\/\/www.lankwitzer.com\/cn\/wp-json\/wp\/v2\/pages\/3410\/revisions\/3419"}],"wp:attachment":[{"href":"https:\/\/www.lankwitzer.com\/cn\/wp-json\/wp\/v2\/media?parent=3410"}],"curies":[{"name":"wp","href":"https:\/\/api.w.org\/{rel}","templated":true}]}}