{"id":3401,"date":"2021-10-01T15:54:53","date_gmt":"2021-10-01T13:54:53","guid":{"rendered":"http:\/\/batterycellcoating.eu\/?page_id=3401"},"modified":"2026-02-24T07:32:12","modified_gmt":"2026-02-24T06:32:12","slug":"%e5%8d%b0%e8%ae%b0","status":"publish","type":"page","link":"https:\/\/www.lankwitzer.com\/cn\/%e5%8d%b0%e8%ae%b0\/","title":{"rendered":"\u5370\u8bb0"},"content":{"rendered":"<div class=\"fusion-fullwidth fullwidth-box fusion-builder-row-1 nonhundred-percent-fullwidth non-hundred-percent-height-scrolling\" style=\"--awb-border-radius-top-left:0px;--awb-border-radius-top-right:0px;--awb-border-radius-bottom-right:0px;--awb-border-radius-bottom-left:0px;--awb-flex-wrap:wrap;\" ><div class=\"fusion-builder-row fusion-row\"><div class=\"fusion-layout-column fusion_builder_column fusion-builder-column-0 fusion_builder_column_1_3 1_3 fusion-one-third fusion-column-first\" style=\"--awb-bg-size:cover;width:33.333333333333%;width:calc(33.333333333333% - ( ( 4% ) * 0.33333333333333 ) );margin-right: 4%;\"><div class=\"fusion-column-wrapper fusion-column-has-shadow fusion-flex-column-wrapper-legacy\"><div class=\"fusion-title title fusion-title-1 fusion-sep-none fusion-title-text fusion-title-size-one\" style=\"--awb-text-color:#282828;--awb-font-size:32px;\"><h1 class=\"fusion-title-heading title-heading-left\" style=\"margin:0;font-size:1em;\"><span class=\"VIiyi\" lang=\"zh-CN\"><span class=\"JLqJ4b ChMk0b\" data-language-for-alternatives=\"zh-CN\" data-language-to-translate-into=\"de\" data-phrase-index=\"0\">\u5370\u8bb0 <\/span><\/span><\/h1><\/div><div class=\"fusion-text fusion-text-1\"><h3>Lankwitzer Lackfabrik GmbH<\/h3>\n<p>Haynauer Stra\u00dfe 61<b>\u2013<\/b>63<br \/>\nD<b>\u2013<\/b>12249 Berlin<\/p>\n<p>Tel.: (030) 76 88 87-100<br \/>\nFax: (030) 76 88 87-115<\/p>\n<p>Web: <a class=\"email\" href=\"mailto:www.lankwitzer.com\">www.lankwitzer.com<\/a><br \/>\nE-Mail: <a class=\"email\" href=\"mailto:werk-berlin@lankwitzer.com\">berlin [@] lankwitzer.com<\/a><\/p>\n<p>Gesch\u00e4ftsf\u00fchrer:<br \/>\nDr. Leo Rokeach<\/p>\n<p>Amtsgericht Berlin-Charlottenburg HRB 116507 B<\/p>\n<p>Die Website wird von Lankwitzer Lackfabrik GmbH betrieben; jegliche Rechte an oder aus der Website stehen Lankwitzer Lackfabrik GmbH zu.<\/p>\n<\/div><div class=\"fusion-clearfix\"><\/div><\/div><\/div><div class=\"fusion-layout-column fusion_builder_column fusion-builder-column-1 fusion_builder_column_2_3 2_3 fusion-two-third fusion-column-last\" style=\"--awb-bg-size:cover;--awb-margin-top:7.5%;width:66.666666666667%;width:calc(66.666666666667% - ( ( 4% ) * 0.66666666666667 ) );\"><div class=\"fusion-column-wrapper fusion-column-has-shadow fusion-flex-column-wrapper-legacy\"><div class=\"fusion-text fusion-text-2\"><p>Dem Nutzer wird die Website lediglich &#8220;wie vorhanden&#8221; und soweit gesetzlich zul\u00e4ssig, ohne jegliche (ausdr\u00fcckliche oder konkludente) Garantie, Zusage oder Haftung zur Verf\u00fcgung gestellt. Au\u00dfer im Falle vors\u00e4tzlicher Sch\u00e4digung, haftet Lankwitzer nicht f\u00fcr Sch\u00e4den, die durch oder in Folge der Benutzung dieser Website entstanden sind. In jedem Falle ist Lankwitzer jedoch nicht verantwortlich und \u00fcbernimmt keinerlei Haftung f\u00fcr indirekte, mittelbare, zuf\u00e4llige oder Folgesch\u00e4den, die durch oder in Folge der Benutzung dieser Website aufgetreten sind.<\/p>\n<p>S\u00e4mtliche \u00fcber die Website ver\u00f6ffentlichten Produktinformationen oder sonstige Informationen werden von Lankwitzer nach bestem Wissen zur Verf\u00fcgung gestellt. All diese Informationen begr\u00fcnden jedoch soweit gesetzlich zul\u00e4ssig, weder eine Garantie, Zusage oder Haftung seitens Lankwitzer, noch entbinden sie den Nutzer von der Durchf\u00fchrung eigener Untersuchungen und Tests.<\/p>\n<p>Sofern nicht anderweitig ausdr\u00fccklich schriftlich geregelt, werden die Allgemeinen Verkaufsbedingungen der Lankwitzer durch die Website und deren Inhalt, Materialen und Informationen nicht ge\u00e4ndert.<\/p>\n<p>Die Lankwitzer kann diese Website nach eigenem Ermessen und ohne \u00dcbernahme einer Haftung jederzeit ohne Ank\u00fcndigung ganz oder teilweise ver\u00e4ndern und\/oder deren Betrieb einstellen, und ist nicht dazu verpflichtet, die Website zu aktualisieren.<\/p>\n<p>Durch das Setzen eines Links zu fremden Websites (&#8220;Hyperlinks&#8221;) macht sich Lankwitzer weder diese Website noch deren Inhalt zu eigen. Ferner ist Lankwitzer nicht verantwortlich f\u00fcr die Verf\u00fcgbarkeit dieser Websites oder von deren Inhalten. Hyperlink-Verkn\u00fcpfungen zu diesen Websites erfolgen auf eigenes Risiko des Nutzers.<\/p>\n<p>Jegliche in Verbindung mit der Website oder deren Benutzung auftretenden Rechtsanspr\u00fcche oder Prozesse unterliegen der Auslegung der Gesetze der Bundesrepublik Deutschland, mit Ausnahme der Regelungen des Internationalen Privatrechts.<\/p>\n<\/div><div class=\"fusion-clearfix\"><\/div><\/div><\/div><\/div><\/div>\n","protected":false},"excerpt":{"rendered":"","protected":false},"author":1,"featured_media":0,"parent":0,"menu_order":0,"comment_status":"closed","ping_status":"closed","template":"100-width.php","meta":{"_bbp_topic_count":0,"_bbp_reply_count":0,"_bbp_total_topic_count":0,"_bbp_total_reply_count":0,"_bbp_voice_count":0,"_bbp_anonymous_reply_count":0,"_bbp_topic_count_hidden":0,"_bbp_reply_count_hidden":0,"_bbp_forum_subforum_count":0,"footnotes":""},"class_list":["post-3401","page","type-page","status-publish","hentry"],"yoast_head":"<!-- This site is optimized with the Yoast SEO plugin v27.4 - https:\/\/yoast.com\/product\/yoast-seo-wordpress\/ -->\n<title>\u5370\u8bb0 - Lankwitzer Lackfabrik<\/title>\n<meta name=\"robots\" content=\"index, follow, max-snippet:-1, max-image-preview:large, max-video-preview:-1\" \/>\n<link rel=\"canonical\" href=\"https:\/\/www.lankwitzer.com\/cn\/\u5370\u8bb0\/\" \/>\n<meta property=\"og:locale\" content=\"en_US\" \/>\n<meta property=\"og:type\" content=\"article\" \/>\n<meta property=\"og:title\" content=\"\u5370\u8bb0 - Lankwitzer Lackfabrik\" \/>\n<meta property=\"og:url\" content=\"https:\/\/www.lankwitzer.com\/cn\/\u5370\u8bb0\/\" \/>\n<meta property=\"og:site_name\" content=\"Lankwitzer Lackfabrik\" \/>\n<meta property=\"article:modified_time\" content=\"2026-02-24T06:32:12+00:00\" \/>\n<meta name=\"twitter:card\" content=\"summary_large_image\" \/>\n<meta name=\"twitter:label1\" content=\"Est. reading time\" \/>\n\t<meta name=\"twitter:data1\" content=\"2 minutes\" \/>\n<script type=\"application\/ld+json\" class=\"yoast-schema-graph\">{\"@context\":\"https:\\\/\\\/schema.org\",\"@graph\":[{\"@type\":\"WebPage\",\"@id\":\"https:\\\/\\\/www.lankwitzer.com\\\/cn\\\/%e5%8d%b0%e8%ae%b0\\\/\",\"url\":\"https:\\\/\\\/www.lankwitzer.com\\\/cn\\\/%e5%8d%b0%e8%ae%b0\\\/\",\"name\":\"\u5370\u8bb0 - Lankwitzer Lackfabrik\",\"isPartOf\":{\"@id\":\"https:\\\/\\\/www.lankwitzer.com\\\/en\\\/#website\"},\"datePublished\":\"2021-10-01T13:54:53+00:00\",\"dateModified\":\"2026-02-24T06:32:12+00:00\",\"breadcrumb\":{\"@id\":\"https:\\\/\\\/www.lankwitzer.com\\\/cn\\\/%e5%8d%b0%e8%ae%b0\\\/#breadcrumb\"},\"inLanguage\":\"cn-CN\",\"potentialAction\":[{\"@type\":\"ReadAction\",\"target\":[\"https:\\\/\\\/www.lankwitzer.com\\\/cn\\\/%e5%8d%b0%e8%ae%b0\\\/\"]}]},{\"@type\":\"BreadcrumbList\",\"@id\":\"https:\\\/\\\/www.lankwitzer.com\\\/cn\\\/%e5%8d%b0%e8%ae%b0\\\/#breadcrumb\",\"itemListElement\":[{\"@type\":\"ListItem\",\"position\":1,\"name\":\"Startseite\",\"item\":\"https:\\\/\\\/www.lankwitzer.com\\\/cn\\\/\"},{\"@type\":\"ListItem\",\"position\":2,\"name\":\"\u5370\u8bb0\"}]},{\"@type\":\"WebSite\",\"@id\":\"https:\\\/\\\/www.lankwitzer.com\\\/en\\\/#website\",\"url\":\"https:\\\/\\\/www.lankwitzer.com\\\/en\\\/\",\"name\":\"Lankwitzer Lackfabrik\",\"description\":\"Ihr leistungsstarker Partner f\u00fcr Industrielacke\",\"potentialAction\":[{\"@type\":\"SearchAction\",\"target\":{\"@type\":\"EntryPoint\",\"urlTemplate\":\"https:\\\/\\\/www.lankwitzer.com\\\/en\\\/?s={search_term_string}\"},\"query-input\":{\"@type\":\"PropertyValueSpecification\",\"valueRequired\":true,\"valueName\":\"search_term_string\"}}],\"inLanguage\":\"cn-CN\"}]}<\/script>\n<!-- \/ Yoast SEO plugin. -->","yoast_head_json":{"title":"\u5370\u8bb0 - Lankwitzer Lackfabrik","robots":{"index":"index","follow":"follow","max-snippet":"max-snippet:-1","max-image-preview":"max-image-preview:large","max-video-preview":"max-video-preview:-1"},"canonical":"https:\/\/www.lankwitzer.com\/cn\/\u5370\u8bb0\/","og_locale":"en_US","og_type":"article","og_title":"\u5370\u8bb0 - Lankwitzer Lackfabrik","og_url":"https:\/\/www.lankwitzer.com\/cn\/\u5370\u8bb0\/","og_site_name":"Lankwitzer Lackfabrik","article_modified_time":"2026-02-24T06:32:12+00:00","twitter_card":"summary_large_image","twitter_misc":{"Est. reading time":"2 minutes"},"schema":{"@context":"https:\/\/schema.org","@graph":[{"@type":"WebPage","@id":"https:\/\/www.lankwitzer.com\/cn\/%e5%8d%b0%e8%ae%b0\/","url":"https:\/\/www.lankwitzer.com\/cn\/%e5%8d%b0%e8%ae%b0\/","name":"\u5370\u8bb0 - Lankwitzer Lackfabrik","isPartOf":{"@id":"https:\/\/www.lankwitzer.com\/en\/#website"},"datePublished":"2021-10-01T13:54:53+00:00","dateModified":"2026-02-24T06:32:12+00:00","breadcrumb":{"@id":"https:\/\/www.lankwitzer.com\/cn\/%e5%8d%b0%e8%ae%b0\/#breadcrumb"},"inLanguage":"cn-CN","potentialAction":[{"@type":"ReadAction","target":["https:\/\/www.lankwitzer.com\/cn\/%e5%8d%b0%e8%ae%b0\/"]}]},{"@type":"BreadcrumbList","@id":"https:\/\/www.lankwitzer.com\/cn\/%e5%8d%b0%e8%ae%b0\/#breadcrumb","itemListElement":[{"@type":"ListItem","position":1,"name":"Startseite","item":"https:\/\/www.lankwitzer.com\/cn\/"},{"@type":"ListItem","position":2,"name":"\u5370\u8bb0"}]},{"@type":"WebSite","@id":"https:\/\/www.lankwitzer.com\/en\/#website","url":"https:\/\/www.lankwitzer.com\/en\/","name":"Lankwitzer Lackfabrik","description":"Ihr leistungsstarker Partner f\u00fcr Industrielacke","potentialAction":[{"@type":"SearchAction","target":{"@type":"EntryPoint","urlTemplate":"https:\/\/www.lankwitzer.com\/en\/?s={search_term_string}"},"query-input":{"@type":"PropertyValueSpecification","valueRequired":true,"valueName":"search_term_string"}}],"inLanguage":"cn-CN"}]}},"_links":{"self":[{"href":"https:\/\/www.lankwitzer.com\/cn\/wp-json\/wp\/v2\/pages\/3401","targetHints":{"allow":["GET"]}}],"collection":[{"href":"https:\/\/www.lankwitzer.com\/cn\/wp-json\/wp\/v2\/pages"}],"about":[{"href":"https:\/\/www.lankwitzer.com\/cn\/wp-json\/wp\/v2\/types\/page"}],"author":[{"embeddable":true,"href":"https:\/\/www.lankwitzer.com\/cn\/wp-json\/wp\/v2\/users\/1"}],"replies":[{"embeddable":true,"href":"https:\/\/www.lankwitzer.com\/cn\/wp-json\/wp\/v2\/comments?post=3401"}],"version-history":[{"count":3,"href":"https:\/\/www.lankwitzer.com\/cn\/wp-json\/wp\/v2\/pages\/3401\/revisions"}],"predecessor-version":[{"id":5788,"href":"https:\/\/www.lankwitzer.com\/cn\/wp-json\/wp\/v2\/pages\/3401\/revisions\/5788"}],"wp:attachment":[{"href":"https:\/\/www.lankwitzer.com\/cn\/wp-json\/wp\/v2\/media?parent=3401"}],"curies":[{"name":"wp","href":"https:\/\/api.w.org\/{rel}","templated":true}]}}